{"id":1705,"date":"2025-01-08T17:08:22","date_gmt":"2025-01-08T17:08:22","guid":{"rendered":"https:\/\/www.mistertonguesidiomas.com\/about\/"},"modified":"2025-01-09T17:41:52","modified_gmt":"2025-01-09T17:41:52","slug":"about","status":"publish","type":"page","link":"https:\/\/www.mistertonguesidiomas.com\/en\/about\/","title":{"rendered":"About"},"content":{"rendered":"<div data-elementor-type=\"wp-page\" data-elementor-id=\"1705\" class=\"elementor elementor-1705\">\n\t\t\t\t<div class=\"elementor-element elementor-element-dcfb448 e-flex e-con-boxed e-con e-parent\" data-id=\"dcfb448\" data-element_type=\"container\" data-settings=\"{&quot;background_background&quot;:&quot;classic&quot;}\">\n\t\t\t\t\t<div class=\"e-con-inner\">\n\t\t<div class=\"elementor-element elementor-element-d21b7e0 e-flex e-con-boxed e-con e-child\" data-id=\"d21b7e0\" data-element_type=\"container\">\n\t\t\t\t\t<div class=\"e-con-inner\">\n\t\t\t\t<div class=\"elementor-element elementor-element-e9fd9dc elementor-widget elementor-widget-heading\" data-id=\"e9fd9dc\" data-element_type=\"widget\" data-widget_type=\"heading.default\">\n\t\t\t\t<div class=\"elementor-widget-container\">\n\t\t\t\t\t<h1 class=\"elementor-heading-title elementor-size-default\">About Us<\/h1>\t\t\t\t<\/div>\n\t\t\t\t<\/div>\n\t\t\t\t\t<\/div>\n\t\t\t\t<\/div>\n\t\t\t\t\t<\/div>\n\t\t\t\t<\/div>\n\t\t<div class=\"elementor-element elementor-element-500861b e-flex e-con-boxed e-con e-parent\" data-id=\"500861b\" data-element_type=\"container\">\n\t\t\t\t\t<div class=\"e-con-inner\">\n\t\t<div class=\"elementor-element elementor-element-7dbc6fb e-con-full e-flex e-con e-child\" data-id=\"7dbc6fb\" data-element_type=\"container\">\n\t\t\t\t<div class=\"elementor-element elementor-element-6658dc9 elementor-widget elementor-widget-heading\" data-id=\"6658dc9\" data-element_type=\"widget\" data-widget_type=\"heading.default\">\n\t\t\t\t<div class=\"elementor-widget-container\">\n\t\t\t\t\t<h4 class=\"elementor-heading-title elementor-size-default\">At <strong>Mister Tongues<\/strong>we are more than an online language institute: we are your partner in the adventure of exploring, learning and mastering a wide variety of languages. From the most widely spoken to the most exotic, our mission is to provide you with the tools to communicate and connect with the world.<\/h4>\t\t\t\t<\/div>\n\t\t\t\t<\/div>\n\t\t\t\t<div class=\"elementor-element elementor-element-e9a8c1e elementor-widget elementor-widget-image\" data-id=\"e9a8c1e\" data-element_type=\"widget\" data-widget_type=\"image.default\">\n\t\t\t\t<div class=\"elementor-widget-container\">\n\t\t\t\t\t\t\t\t\t\t\t\t\t\t\t<img fetchpriority=\"high\" decoding=\"async\" width=\"1707\" height=\"2560\" src=\"https:\/\/www.mistertonguesidiomas.com\/wp-content\/uploads\/2025\/01\/pexels-photo-4226122-4226122-scaled-1.jpg\" class=\"attachment-full size-full wp-image-1840\" alt=\"\" srcset=\"https:\/\/www.mistertonguesidiomas.com\/wp-content\/uploads\/2025\/01\/pexels-photo-4226122-4226122-scaled-1.jpg 1707w, https:\/\/www.mistertonguesidiomas.com\/wp-content\/uploads\/2025\/01\/pexels-photo-4226122-4226122-scaled-1-200x300.jpg 200w, https:\/\/www.mistertonguesidiomas.com\/wp-content\/uploads\/2025\/01\/pexels-photo-4226122-4226122-scaled-1-683x1024.jpg 683w, https:\/\/www.mistertonguesidiomas.com\/wp-content\/uploads\/2025\/01\/pexels-photo-4226122-4226122-scaled-1-768x1152.jpg 768w, https:\/\/www.mistertonguesidiomas.com\/wp-content\/uploads\/2025\/01\/pexels-photo-4226122-4226122-scaled-1-1024x1536.jpg 1024w, https:\/\/www.mistertonguesidiomas.com\/wp-content\/uploads\/2025\/01\/pexels-photo-4226122-4226122-scaled-1-1366x2048.jpg 1366w, https:\/\/www.mistertonguesidiomas.com\/wp-content\/uploads\/2025\/01\/pexels-photo-4226122-4226122-scaled-1-8x12.jpg 8w\" sizes=\"(max-width: 1707px) 100vw, 1707px\" \/>\t\t\t\t\t\t\t\t\t\t\t\t\t\t\t<\/div>\n\t\t\t\t<\/div>\n\t\t<div class=\"elementor-element elementor-element-51b695b e-flex e-con-boxed e-con e-child\" data-id=\"51b695b\" data-element_type=\"container\">\n\t\t\t\t\t<div class=\"e-con-inner\">\n\t\t<div class=\"elementor-element elementor-element-bda37a0 e-flex e-con-boxed e-con e-child\" data-id=\"bda37a0\" data-element_type=\"container\">\n\t\t\t\t\t<div class=\"e-con-inner\">\n\t\t\t\t<div class=\"elementor-element elementor-element-6d20ef0 elementor-widget elementor-widget-heading\" data-id=\"6d20ef0\" data-element_type=\"widget\" data-widget_type=\"heading.default\">\n\t\t\t\t<div class=\"elementor-widget-container\">\n\t\t\t\t\t<h3 class=\"elementor-heading-title elementor-size-default\">Our Vision <\/h3>\t\t\t\t<\/div>\n\t\t\t\t<\/div>\n\t\t\t\t<div class=\"elementor-element elementor-element-91bab08 elementor-widget elementor-widget-text-editor\" data-id=\"91bab08\" data-element_type=\"widget\" data-widget_type=\"text-editor.default\">\n\t\t\t\t<div class=\"elementor-widget-container\">\n\t\t\t\t\t\t\t\t\t<p>To be the global leader in online language education, empowering people of all ages and cultures to communicate and thrive in an increasingly interconnected world.<\/p>\t\t\t\t\t\t\t\t<\/div>\n\t\t\t\t<\/div>\n\t\t\t\t\t<\/div>\n\t\t\t\t<\/div>\n\t\t<div class=\"elementor-element elementor-element-8c3d36e e-flex e-con-boxed e-con e-child\" data-id=\"8c3d36e\" data-element_type=\"container\">\n\t\t\t\t\t<div class=\"e-con-inner\">\n\t\t\t\t<div class=\"elementor-element elementor-element-2061947 elementor-widget elementor-widget-heading\" data-id=\"2061947\" data-element_type=\"widget\" data-widget_type=\"heading.default\">\n\t\t\t\t<div class=\"elementor-widget-container\">\n\t\t\t\t\t<h3 class=\"elementor-heading-title elementor-size-default\">Our Mision<\/h3>\t\t\t\t<\/div>\n\t\t\t\t<\/div>\n\t\t\t\t<div class=\"elementor-element elementor-element-d19c62f elementor-widget elementor-widget-text-editor\" data-id=\"d19c62f\" data-element_type=\"widget\" data-widget_type=\"text-editor.default\">\n\t\t\t\t<div class=\"elementor-widget-container\">\n\t\t\t\t\t\t\t\t\t<p>To provide a high quality, accessible and personalized language learning experience using innovative technology and interactive methods. At Mister Tongues, we are committed to transforming lives through the power of language, fostering cultural understanding and opening doors to new personal and professional opportunities.<\/p>\t\t\t\t\t\t\t\t<\/div>\n\t\t\t\t<\/div>\n\t\t\t\t\t<\/div>\n\t\t\t\t<\/div>\n\t\t\t\t\t<\/div>\n\t\t\t\t<\/div>\n\t\t\t\t<div class=\"elementor-element elementor-element-e7bd3b3 elementor-widget elementor-widget-heading\" data-id=\"e7bd3b3\" data-element_type=\"widget\" data-widget_type=\"heading.default\">\n\t\t\t\t<div class=\"elementor-widget-container\">\n\t\t\t\t\t<h4 class=\"elementor-heading-title elementor-size-default\"><b>Motivating Stories<\/b><\/h4>\t\t\t\t<\/div>\n\t\t\t\t<\/div>\n\t\t\t\t<\/div>\n\t\t\t\t\t<\/div>\n\t\t\t\t<\/div>\n\t\t<div class=\"elementor-element elementor-element-ba46aa4 e-flex e-con-boxed e-con e-parent\" data-id=\"ba46aa4\" data-element_type=\"container\" data-settings=\"{&quot;background_background&quot;:&quot;classic&quot;}\">\n\t\t\t\t\t<div class=\"e-con-inner\">\n\t\t<div class=\"elementor-element elementor-element-94092f7 e-con-full e-flex e-con e-child\" data-id=\"94092f7\" data-element_type=\"container\">\n\t\t\t\t<div class=\"elementor-element elementor-element-7f86a88 elementor-widget elementor-widget-heading\" data-id=\"7f86a88\" data-element_type=\"widget\" data-widget_type=\"heading.default\">\n\t\t\t\t<div class=\"elementor-widget-container\">\n\t\t\t\t\t<h4 class=\"elementor-heading-title elementor-size-default\">\u201cI took the Basic German course and learned to communicate effectively with native speakers. I really liked the classes, very didactic and especially the conversation club. I recommend it!\u201d<\/h4>\t\t\t\t<\/div>\n\t\t\t\t<\/div>\n\t\t\t\t<div class=\"elementor-element elementor-element-29e6c23 elementor-widget elementor-widget-image\" data-id=\"29e6c23\" data-element_type=\"widget\" data-widget_type=\"image.default\">\n\t\t\t\t<div class=\"elementor-widget-container\">\n\t\t\t\t\t\t\t\t\t\t\t\t\t\t\t<img decoding=\"async\" width=\"100\" height=\"100\" src=\"https:\/\/www.mistertonguesidiomas.com\/wp-content\/uploads\/2025\/01\/testimonial-09-free-img-1.jpg\" class=\"attachment-full size-full wp-image-1841\" alt=\"\" srcset=\"https:\/\/www.mistertonguesidiomas.com\/wp-content\/uploads\/2025\/01\/testimonial-09-free-img-1.jpg 100w, https:\/\/www.mistertonguesidiomas.com\/wp-content\/uploads\/2025\/01\/testimonial-09-free-img-1-12x12.jpg 12w\" sizes=\"(max-width: 100px) 100vw, 100px\" \/>\t\t\t\t\t\t\t\t\t\t\t\t\t\t\t<\/div>\n\t\t\t\t<\/div>\n\t\t\t\t<div class=\"elementor-element elementor-element-1dfb11f elementor-widget elementor-widget-text-editor\" data-id=\"1dfb11f\" data-element_type=\"widget\" data-widget_type=\"text-editor.default\">\n\t\t\t\t<div class=\"elementor-widget-container\">\n\t\t\t\t\t\t\t\t\t<p>Alice B.<\/p>\t\t\t\t\t\t\t\t<\/div>\n\t\t\t\t<\/div>\n\t\t\t\t<\/div>\n\t\t<div class=\"elementor-element elementor-element-1a0e924 e-con-full e-flex e-con e-child\" data-id=\"1a0e924\" data-element_type=\"container\">\n\t\t\t\t<div class=\"elementor-element elementor-element-a858eeb elementor-widget elementor-widget-heading\" data-id=\"a858eeb\" data-element_type=\"widget\" data-widget_type=\"heading.default\">\n\t\t\t\t<div class=\"elementor-widget-container\">\n\t\t\t\t\t<h4 class=\"elementor-heading-title elementor-size-default\">\u201cThe teacher is patient, he explains the contents well, his classes are not boring, he interacts 100% with the students, the best German teacher!\u201d.<\/h4>\t\t\t\t<\/div>\n\t\t\t\t<\/div>\n\t\t\t\t<div class=\"elementor-element elementor-element-aaa6c63 elementor-widget elementor-widget-image\" data-id=\"aaa6c63\" data-element_type=\"widget\" data-widget_type=\"image.default\">\n\t\t\t\t<div class=\"elementor-widget-container\">\n\t\t\t\t\t\t\t\t\t\t\t\t\t\t\t<img decoding=\"async\" width=\"853\" height=\"1280\" src=\"https:\/\/www.mistertonguesidiomas.com\/wp-content\/uploads\/2025\/01\/g27e6acbd1029c2906b6699fa2137949c9ccb5e507577f994b663084568d8f8b2dfc5ea6fd272e47b39e2a8ff16ed8707_1280-884272-1-1.jpg\" class=\"attachment-full size-full wp-image-1842\" alt=\"\" srcset=\"https:\/\/www.mistertonguesidiomas.com\/wp-content\/uploads\/2025\/01\/g27e6acbd1029c2906b6699fa2137949c9ccb5e507577f994b663084568d8f8b2dfc5ea6fd272e47b39e2a8ff16ed8707_1280-884272-1-1.jpg 853w, https:\/\/www.mistertonguesidiomas.com\/wp-content\/uploads\/2025\/01\/g27e6acbd1029c2906b6699fa2137949c9ccb5e507577f994b663084568d8f8b2dfc5ea6fd272e47b39e2a8ff16ed8707_1280-884272-1-1-200x300.jpg 200w, https:\/\/www.mistertonguesidiomas.com\/wp-content\/uploads\/2025\/01\/g27e6acbd1029c2906b6699fa2137949c9ccb5e507577f994b663084568d8f8b2dfc5ea6fd272e47b39e2a8ff16ed8707_1280-884272-1-1-682x1024.jpg 682w, https:\/\/www.mistertonguesidiomas.com\/wp-content\/uploads\/2025\/01\/g27e6acbd1029c2906b6699fa2137949c9ccb5e507577f994b663084568d8f8b2dfc5ea6fd272e47b39e2a8ff16ed8707_1280-884272-1-1-768x1152.jpg 768w, https:\/\/www.mistertonguesidiomas.com\/wp-content\/uploads\/2025\/01\/g27e6acbd1029c2906b6699fa2137949c9ccb5e507577f994b663084568d8f8b2dfc5ea6fd272e47b39e2a8ff16ed8707_1280-884272-1-1-8x12.jpg 8w\" sizes=\"(max-width: 853px) 100vw, 853px\" \/>\t\t\t\t\t\t\t\t\t\t\t\t\t\t\t<\/div>\n\t\t\t\t<\/div>\n\t\t\t\t<div class=\"elementor-element elementor-element-303b0c6 elementor-widget elementor-widget-text-editor\" data-id=\"303b0c6\" data-element_type=\"widget\" data-widget_type=\"text-editor.default\">\n\t\t\t\t<div class=\"elementor-widget-container\">\n\t\t\t\t\t\t\t\t\t<p>Brenda T.<\/p>\t\t\t\t\t\t\t\t<\/div>\n\t\t\t\t<\/div>\n\t\t\t\t<\/div>\n\t\t<div class=\"elementor-element elementor-element-055d2e1 e-con-full e-flex e-con e-child\" data-id=\"055d2e1\" data-element_type=\"container\">\n\t\t\t\t<div class=\"elementor-element elementor-element-d890e9c elementor-widget elementor-widget-heading\" data-id=\"d890e9c\" data-element_type=\"widget\" data-widget_type=\"heading.default\">\n\t\t\t\t<div class=\"elementor-widget-container\">\n\t\t\t\t\t<h4 class=\"elementor-heading-title elementor-size-default\">\u201cThe dynamics of the classes are very good and fun, you learn a lot.\u201d<\/h4>\t\t\t\t<\/div>\n\t\t\t\t<\/div>\n\t\t\t\t<div class=\"elementor-element elementor-element-7e460b4 elementor-widget elementor-widget-image\" data-id=\"7e460b4\" data-element_type=\"widget\" data-widget_type=\"image.default\">\n\t\t\t\t<div class=\"elementor-widget-container\">\n\t\t\t\t\t\t\t\t\t\t\t\t\t\t\t<img loading=\"lazy\" decoding=\"async\" width=\"100\" height=\"100\" src=\"https:\/\/www.mistertonguesidiomas.com\/wp-content\/uploads\/2025\/01\/testimonial-13-free-img-1.jpg\" class=\"attachment-full size-full wp-image-1843\" alt=\"\" srcset=\"https:\/\/www.mistertonguesidiomas.com\/wp-content\/uploads\/2025\/01\/testimonial-13-free-img-1.jpg 100w, https:\/\/www.mistertonguesidiomas.com\/wp-content\/uploads\/2025\/01\/testimonial-13-free-img-1-12x12.jpg 12w\" sizes=\"(max-width: 100px) 100vw, 100px\" \/>\t\t\t\t\t\t\t\t\t\t\t\t\t\t\t<\/div>\n\t\t\t\t<\/div>\n\t\t\t\t<div class=\"elementor-element elementor-element-d8bd90f elementor-widget elementor-widget-text-editor\" data-id=\"d8bd90f\" data-element_type=\"widget\" data-widget_type=\"text-editor.default\">\n\t\t\t\t<div class=\"elementor-widget-container\">\n\t\t\t\t\t\t\t\t\t<p>Dainer F.<\/p>\t\t\t\t\t\t\t\t<\/div>\n\t\t\t\t<\/div>\n\t\t\t\t<\/div>\n\t\t<div class=\"elementor-element elementor-element-604e299 e-con-full e-flex e-con e-child\" data-id=\"604e299\" data-element_type=\"container\">\n\t\t\t\t<div class=\"elementor-element elementor-element-51176c8 elementor-widget elementor-widget-heading\" data-id=\"51176c8\" data-element_type=\"widget\" data-widget_type=\"heading.default\">\n\t\t\t\t<div class=\"elementor-widget-container\">\n\t\t\t\t\t<h4 class=\"elementor-heading-title elementor-size-default\">\u201cThe courses are excellent, he prepares didactic material that is easy to learn.\u201d<\/h4>\t\t\t\t<\/div>\n\t\t\t\t<\/div>\n\t\t\t\t<div class=\"elementor-element elementor-element-59e33ad elementor-widget elementor-widget-image\" data-id=\"59e33ad\" data-element_type=\"widget\" data-widget_type=\"image.default\">\n\t\t\t\t<div class=\"elementor-widget-container\">\n\t\t\t\t\t\t\t\t\t\t\t\t\t\t\t<img loading=\"lazy\" decoding=\"async\" width=\"100\" height=\"100\" src=\"https:\/\/www.mistertonguesidiomas.com\/wp-content\/uploads\/2025\/01\/testimonial-03-free-img-1.jpg\" class=\"attachment-full size-full wp-image-1844\" alt=\"\" srcset=\"https:\/\/www.mistertonguesidiomas.com\/wp-content\/uploads\/2025\/01\/testimonial-03-free-img-1.jpg 100w, https:\/\/www.mistertonguesidiomas.com\/wp-content\/uploads\/2025\/01\/testimonial-03-free-img-1-12x12.jpg 12w\" sizes=\"(max-width: 100px) 100vw, 100px\" \/>\t\t\t\t\t\t\t\t\t\t\t\t\t\t\t<\/div>\n\t\t\t\t<\/div>\n\t\t\t\t<div class=\"elementor-element elementor-element-b56d957 elementor-widget elementor-widget-text-editor\" data-id=\"b56d957\" data-element_type=\"widget\" data-widget_type=\"text-editor.default\">\n\t\t\t\t<div class=\"elementor-widget-container\">\n\t\t\t\t\t\t\t\t\t<p>Lucetty B.<\/p>\t\t\t\t\t\t\t\t<\/div>\n\t\t\t\t<\/div>\n\t\t\t\t<\/div>\n\t\t\t\t\t<\/div>\n\t\t\t\t<\/div>\n\t\t\t\t<\/div>","protected":false},"excerpt":{"rendered":"<p>Acerca de nosotros En Mister Tongues, somos m\u00e1s que un instituto de idiomas online: somos tu compa\u00f1ero en la aventura de explorar, aprender y dominar una amplia variedad de idiomas. Desde los m\u00e1s hablados hasta los m\u00e1s ex\u00f3ticos, nuestra misi\u00f3n es ofrecerte herramientas para comunicarte y conectar con el mundo.. Nuestra Visi\u00f3n Ser el referente [&hellip;]<\/p>","protected":false},"author":1,"featured_media":0,"parent":0,"menu_order":0,"comment_status":"closed","ping_status":"closed","template":"","meta":{"_uag_custom_page_level_css":"","site-sidebar-layout":"no-sidebar","site-content-layout":"page-builder","ast-site-content-layout":"","site-content-style":"default","site-sidebar-style":"default","ast-global-header-display":"","ast-banner-title-visibility":"","ast-main-header-display":"","ast-hfb-above-header-display":"","ast-hfb-below-header-display":"","ast-hfb-mobile-header-display":"","site-post-title":"disabled","ast-breadcrumbs-content":"","ast-featured-img":"disabled","footer-sml-layout":"","theme-transparent-header-meta":"enabled","adv-header-id-meta":"","stick-header-meta":"","header-above-stick-meta":"","header-main-stick-meta":"","header-below-stick-meta":"","astra-migrate-meta-layouts":"default","ast-page-background-enabled":"default","ast-page-background-meta":{"desktop":{"background-color":"var(--ast-global-color-4)","background-image":"","background-repeat":"repeat","background-position":"center center","background-size":"auto","background-attachment":"scroll","background-type":"","background-media":"","overlay-type":"","overlay-color":"","overlay-opacity":"","overlay-gradient":""},"tablet":{"background-color":"","background-image":"","background-repeat":"repeat","background-position":"center center","background-size":"auto","background-attachment":"scroll","background-type":"","background-media":"","overlay-type":"","overlay-color":"","overlay-opacity":"","overlay-gradient":""},"mobile":{"background-color":"","background-image":"","background-repeat":"repeat","background-position":"center center","background-size":"auto","background-attachment":"scroll","background-type":"","background-media":"","overlay-type":"","overlay-color":"","overlay-opacity":"","overlay-gradient":""}},"ast-content-background-meta":{"desktop":{"background-color":"var(--ast-global-color-5)","background-image":"","background-repeat":"repeat","background-position":"center center","background-size":"auto","background-attachment":"scroll","background-type":"","background-media":"","overlay-type":"","overlay-color":"","overlay-opacity":"","overlay-gradient":""},"tablet":{"background-color":"var(--ast-global-color-5)","background-image":"","background-repeat":"repeat","background-position":"center center","background-size":"auto","background-attachment":"scroll","background-type":"","background-media":"","overlay-type":"","overlay-color":"","overlay-opacity":"","overlay-gradient":""},"mobile":{"background-color":"var(--ast-global-color-5)","background-image":"","background-repeat":"repeat","background-position":"center center","background-size":"auto","background-attachment":"scroll","background-type":"","background-media":"","overlay-type":"","overlay-color":"","overlay-opacity":"","overlay-gradient":""}},"_joinchat":[],"footnotes":""},"class_list":["post-1705","page","type-page","status-publish","hentry"],"aioseo_notices":[],"uagb_featured_image_src":{"full":false,"thumbnail":false,"medium":false,"medium_large":false,"large":false,"1536x1536":false,"2048x2048":false,"trp-custom-language-flag":false},"uagb_author_info":{"display_name":"mistertonguesidiomas_hjj6ka","author_link":"https:\/\/www.mistertonguesidiomas.com\/en\/author\/mistertonguesidiomas_hjj6ka\/"},"uagb_comment_info":0,"uagb_excerpt":"Acerca de nosotros En Mister Tongues, somos m\u00e1s que un instituto de idiomas online: somos tu compa\u00f1ero en la aventura de explorar, aprender y dominar una amplia variedad de idiomas. Desde los m\u00e1s hablados hasta los m\u00e1s ex\u00f3ticos, nuestra misi\u00f3n es ofrecerte herramientas para comunicarte y conectar con el mundo.. Nuestra Visi\u00f3n Ser el referente&hellip;","_links":{"self":[{"href":"https:\/\/www.mistertonguesidiomas.com\/en\/wp-json\/wp\/v2\/pages\/1705","targetHints":{"allow":["GET"]}}],"collection":[{"href":"https:\/\/www.mistertonguesidiomas.com\/en\/wp-json\/wp\/v2\/pages"}],"about":[{"href":"https:\/\/www.mistertonguesidiomas.com\/en\/wp-json\/wp\/v2\/types\/page"}],"author":[{"embeddable":true,"href":"https:\/\/www.mistertonguesidiomas.com\/en\/wp-json\/wp\/v2\/users\/1"}],"replies":[{"embeddable":true,"href":"https:\/\/www.mistertonguesidiomas.com\/en\/wp-json\/wp\/v2\/comments?post=1705"}],"version-history":[{"count":6,"href":"https:\/\/www.mistertonguesidiomas.com\/en\/wp-json\/wp\/v2\/pages\/1705\/revisions"}],"predecessor-version":[{"id":1788,"href":"https:\/\/www.mistertonguesidiomas.com\/en\/wp-json\/wp\/v2\/pages\/1705\/revisions\/1788"}],"wp:attachment":[{"href":"https:\/\/www.mistertonguesidiomas.com\/en\/wp-json\/wp\/v2\/media?parent=1705"}],"curies":[{"name":"wp","href":"https:\/\/api.w.org\/{rel}","templated":true}]}}